{"id":7,"date":"2017-08-14T15:11:44","date_gmt":"2017-08-14T13:11:44","guid":{"rendered":"http:\/\/www.babsis.at\/pruggen\/?page_id=7"},"modified":"2025-11-25T15:22:32","modified_gmt":"2025-11-25T14:22:32","slug":"startseite","status":"publish","type":"page","link":"https:\/\/www.babsis.at\/pruggen\/","title":{"rendered":"Willkommen bei Schlaraffia"},"content":{"rendered":"<p>&nbsp;<\/p>\n<h2><\/h2>\n<p class=\"ce_headline margin-bottom-fourty text-center first\">Einer weltweiten Gemeinschaft, in der Freundschaft, Kunst und Humor auf besondere Weise gelebt werden. Man kann zwar beschreiben, was wir tun, aber es noch besser erleben \u2013 deswegen laden wir Sie herzlich ein, uns zu besuchen!<\/p>\n<h2 class=\"ce_headline margin-bottom-fourty text-center first\">Was zum Uhu ist Schlaraffia?<\/h2>\n<div class=\"ce_bs_gridStart row\">\n<div class=\"col-sm-12 col-md-6 col-lg-5 offset-lg-1\">\n<div class=\"ce_text block\">\n<p>Schlaraffia ist ein Spiel mit ritterlichen Elementen, das 1859 in Prag gegr\u00fcndet wurde.<br \/>\nVon K\u00fcnstlern, die Freunde waren. Und voller Humor steckten.<br \/>\nSomit sind Freundschaft, Kunst und Humor die 3 S\u00e4ulen Schlaraffias.<br \/>\nSchlaraffia ist eine Persiflage auf das Leben. Und darum heute moderner denn je. Schlaraffia lebt jene Werte, die wir gerne h\u00e4tten, aber die kaum zeitgem\u00e4\u00df sind:<br \/>\nToleranz, individuelle Anerkennung, Achtung vor dem Alter und Freundschaft im wahren Sinn des Wortes.<br \/>\nSchlaraffia ist keine Jobb\u00f6rse, vermittelt keine Auftr\u00e4ge, ist unpolitisch, aber weltoffen.<br \/>\nSchlaraffia ist eine wunderbar bunte B\u00fchne \u2013 mit begeisterten Zuschauern. Schlaraffia ist ein Bund aufgeschlossener, weltoffener M\u00e4nner, die \u00fcber sich selbst lachen k\u00f6nnen.<\/p>\n<p><strong>Ohne Wenn und Aber.<\/strong><br \/>\n<strong>Ob K\u00fcnstler \u2013 oder Kunstgenie\u00dfer.<\/strong><\/p>\n<\/div>\n<\/div>\n<\/div>\n<p>&nbsp;<\/p>\n<p><strong>Unsere Edelwei\u00dfburg befindet sich im<br \/>\n<a href=\"http:\/\/www.restaurant-riegler.at\/\" target=\"_blank\" rel=\"noopener\">Restaurant Riegler<\/a>\u00a0(Gasthof zur Post)<br \/>\nKoloman Wallisch Platz (Hauptplatz) 11<br \/>\n8600 Bruck an der Mur<\/strong><\/p>\n<p><strong>Sippungstag ist Mittwoch, Glock 8 d. Abends<\/strong><\/p>\n<p>mehr <a href=\"https:\/\/www.schlaraffen-freunde.com\/\" target=\"_blank\" rel=\"noopener\">Erkl\u00e4rungen<\/a> zu Schlaraffia<\/p>\n<h4>Die Schlaraffen in den Medien:<\/h4>\n<p><a href=\"https:\/\/www.mdr.de\/mediathek\/mdr-videos\/a\/video-245088.html?fbclid=IwAR2AIxF5fgEAaSVpdTCdT6h2sN6kZcnNgL59hTrO4X_SZNzW9F_4y1FP6xw\">MDR Mediathek<\/a><br \/>\n<a href=\"https:\/\/vimeo.com\/191604042\" target=\"_blank\" rel=\"noopener\">Gutenberg TV<\/a><br \/>\n<a href=\"https:\/\/vimeo.com\/179424985\" target=\"_blank\" rel=\"noopener\">BR Abendschau<\/a><br \/>\n<a href=\"https:\/\/www.youtube.com\/watch?time_continue=2&amp;v=O7nJWczpTZ8\" target=\"_blank\" rel=\"noopener\">Hessischer Rundfunk<\/a><br \/>\n<a href=\"http:\/\/www.giessener-anzeiger.de\/lokales\/stadt-giessen\/nachrichten-giessen\/schlaraffia-zu-den-gyssen-origineller-maennerbund-mit-langer-tradition_17475877.htm\" target=\"_blank\" rel=\"noopener\">Gie\u00dfner Anzeiger<\/a><br \/>\n<a href=\"https:\/\/www.schlaraffia.org\/wp-content\/uploads\/nzz_20160531_Di_019.pdf\" target=\"_blank\" rel=\"noopener\">neue Z\u00fcrcher Zeitung<\/a><\/p>\n","protected":false},"excerpt":{"rendered":"<p>&nbsp; Einer weltweiten Gemeinschaft, in der Freundschaft, Kunst und Humor auf besondere Weise gelebt werden. Man kann zwar beschreiben, was wir tun, aber es noch besser erleben \u2013 deswegen laden wir Sie herzlich ein, uns zu besuchen! Was zum Uhu ist Schlaraffia? Schlaraffia ist ein Spiel mit ritterlichen Elementen, das 1859 in Prag gegr\u00fcndet wurde. &hellip; <a href=\"https:\/\/www.babsis.at\/pruggen\/\" class=\"more-link\"><span class=\"screen-reader-text\">Willkommen bei Schlaraffia<\/span> weiterlesen<\/a><\/p>\n","protected":false},"author":1,"featured_media":164,"parent":0,"menu_order":1,"comment_status":"closed","ping_status":"closed","template":"","meta":{"footnotes":""},"class_list":["post-7","page","type-page","status-publish","has-post-thumbnail","hentry"],"_links":{"self":[{"href":"https:\/\/www.babsis.at\/pruggen\/wp-json\/wp\/v2\/pages\/7","targetHints":{"allow":["GET"]}}],"collection":[{"href":"https:\/\/www.babsis.at\/pruggen\/wp-json\/wp\/v2\/pages"}],"about":[{"href":"https:\/\/www.babsis.at\/pruggen\/wp-json\/wp\/v2\/types\/page"}],"author":[{"embeddable":true,"href":"https:\/\/www.babsis.at\/pruggen\/wp-json\/wp\/v2\/users\/1"}],"replies":[{"embeddable":true,"href":"https:\/\/www.babsis.at\/pruggen\/wp-json\/wp\/v2\/comments?post=7"}],"version-history":[{"count":53,"href":"https:\/\/www.babsis.at\/pruggen\/wp-json\/wp\/v2\/pages\/7\/revisions"}],"predecessor-version":[{"id":1996,"href":"https:\/\/www.babsis.at\/pruggen\/wp-json\/wp\/v2\/pages\/7\/revisions\/1996"}],"wp:featuredmedia":[{"embeddable":true,"href":"https:\/\/www.babsis.at\/pruggen\/wp-json\/wp\/v2\/media\/164"}],"wp:attachment":[{"href":"https:\/\/www.babsis.at\/pruggen\/wp-json\/wp\/v2\/media?parent=7"}],"curies":[{"name":"wp","href":"https:\/\/api.w.org\/{rel}","templated":true}]}}